{"id":43,"date":"2024-10-13T12:43:19","date_gmt":"2024-10-13T10:43:19","guid":{"rendered":"https:\/\/mediatorsadowy.info\/?page_id=43"},"modified":"2026-02-01T17:18:57","modified_gmt":"2026-02-01T15:18:57","slug":"uslugi","status":"publish","type":"page","link":"https:\/\/mediatorsadowy.info\/index.php\/uslugi\/","title":{"rendered":"Us\u0142ugi"},"content":{"rendered":"<div class=\"et_pb_section_0 et_pb_section et_section_regular et_block_section\"><div class=\"et_pb_row_0 et_pb_row et_pb_gutters3 et_block_row\"><div class=\"et_pb_column_0 et_pb_column et_pb_column_4_4 et-last-child et_block_column et_pb_css_mix_blend_mode_passthrough\"><div class=\"et_pb_heading_0 et_pb_heading et_pb_module et_flex_module\"><div class=\"et_pb_heading_container\"><h1 class=\"et_pb_module_header\">Mediacje<\/h1><\/div><\/div><\/div><\/div><div class=\"et_pb_row_1 et_pb_row et_pb_gutters3 et_block_row\"><div class=\"et_pb_column_1 et_pb_column et_pb_column_1_2 et_block_column et_pb_css_mix_blend_mode_passthrough\"><div class=\"et_pb_heading_1 et_pb_heading et_pb_module et_flex_module\"><div class=\"et_pb_heading_container\"><h1 class=\"et_pb_module_header\">Mediacja &#8211; Rodzinna<\/h1><\/div><\/div><div class=\"et_pb_text_0 et_pb_text et_pb_bg_layout_light et_pb_module et_flex_module\"><div class=\"et_pb_text_inner\"><p class=\"p1\" style=\"text-align: justify;\"><span class=\"s1\">Mediacja rodzinna \u2013 wsparcie w trudnych chwilach<\/span><\/p>\n<p class=\"p2\" style=\"text-align: justify;\"><span class=\"s2\"><\/span><\/p>\n<p class=\"p1\" style=\"text-align: justify;\"><span class=\"s2\">Mediacja rodzinna to skuteczny spos\u00f3b na rozwi\u0105zanie konflikt\u00f3w w atmosferze szacunku i dialogu. Pozwala na polubowne uzgodnienie kluczowych kwestii, takich jak:<\/span><\/p>\n<p class=\"p3\" style=\"text-align: justify;\"><span class=\"s2\"><span class=\"Apple-tab-span\"> <\/span>\u2022<span class=\"Apple-tab-span\"> <\/span><\/span><span class=\"s1\">Rozw\u00f3d i separacja<\/span><span class=\"s2\"> \u2013 ustalenie warunk\u00f3w rozstania, podzia\u0142u maj\u0105tku i innych spraw formalnych.<\/span><\/p>\n<p class=\"p3\" style=\"text-align: justify;\"><span class=\"s2\"><span class=\"Apple-tab-span\"> <\/span>\u2022<span class=\"Apple-tab-span\"> <\/span><\/span><span class=\"s1\">Alimenty<\/span><span class=\"s2\"> \u2013 wypracowanie porozumienia dotycz\u0105cego wysoko\u015bci i zasad p\u0142atno\u015bci.<\/span><\/p>\n<p class=\"p3\" style=\"text-align: justify;\"><span class=\"s2\"><span class=\"Apple-tab-span\"> <\/span>\u2022<span class=\"Apple-tab-span\"> <\/span><\/span><span class=\"s1\">Kontakty z dzie\u0107mi<\/span><span class=\"s2\"> \u2013 stworzenie planu wychowawczego, ustalenie harmonogramu spotka\u0144 oraz zasad wsp\u00f3\u0142pracy rodzic\u00f3w.<\/span><\/p>\n<p class=\"p2\" style=\"text-align: justify;\"><span class=\"s2\"><\/span><\/p>\n<p class=\"p1\" style=\"text-align: justify;\"><span class=\"s2\">Dzi\u0119ki mediacji rodzice mog\u0105 unikn\u0105\u0107 d\u0142ugotrwa\u0142ych i kosztownych spor\u00f3w s\u0105dowych, a wypracowane rozwi\u0105zania s\u0105 dostosowane do ich indywidualnych potrzeb i sytuacji rodzinnej. Mediacja rodzinna pozwala zadba\u0107 o dobro dzieci i budowa\u0107 porozumienie w trudnym czasie.<\/span><\/p>\n<\/div><\/div><div class=\"et_pb_text_1 et_pb_text et_pb_bg_layout_light et_pb_module et_flex_module\"><div class=\"et_pb_text_inner\"><p>Zapytaj o wycen\u0119<\/p>\n<\/div><\/div><\/div><div class=\"et_pb_column_2 et_pb_column et_pb_column_1_2 et-last-child et_block_column et_pb_css_mix_blend_mode_passthrough\"><div class=\"et_pb_heading_2 et_pb_heading et_pb_module et_flex_module\"><div class=\"et_pb_heading_container\"><h1 class=\"et_pb_module_header\">Mediacja &#8211; Nieletni Sprawca Czynu Karalnego<\/h1><\/div><\/div><div class=\"et_pb_text_2 et_pb_text et_pb_bg_layout_light et_pb_module et_flex_module\"><div class=\"et_pb_text_inner\"><p class=\"p1\" style=\"text-align: justify;\"><span class=\"s1\">Mediacja z udzia\u0142em nieletniego sprawcy czynu karalnego<\/span><\/p>\n<p class=\"p2\" style=\"text-align: justify;\"><span class=\"s2\"><\/span><\/p>\n<p class=\"p1\" style=\"text-align: justify;\"><span class=\"s2\">Mediacja w sprawach z udzia\u0142em nieletnich sprawc\u00f3w czyn\u00f3w karalnych to proces, kt\u00f3ry pozwala na rozwi\u0105zanie konfliktu mi\u0119dzy nieletnim a poszkodowanym w spos\u00f3b polubowny. W atmosferze dialogu i wzajemnego szacunku strony mog\u0105 om\u00f3wi\u0107 konsekwencje zdarzenia, potrzeby poszkodowanego oraz mo\u017cliwo\u015bci naprawienia szkody.<\/span><\/p>\n<p class=\"p2\" style=\"text-align: justify;\"><span class=\"s2\"><\/span><\/p>\n<p class=\"p1\" style=\"text-align: justify;\"><span class=\"s2\">Dzi\u0119ki mediacji nieletni ma szans\u0119 wzi\u0105\u0107 odpowiedzialno\u015b\u0107 za swoje czyny, zrozumie\u0107 ich wp\u0142yw na innych i podj\u0105\u0107 dzia\u0142ania naprawcze. Proces ten sprzyja resocjalizacji i minimalizuje ryzyko dalszych konflikt\u00f3w, jednocze\u015bnie wspieraj\u0105c odbudow\u0119 relacji i wzajemnego zaufania. Mediacja jest prowadzona w spos\u00f3b poufny i z uwzgl\u0119dnieniem dobra wszystkich stron.<\/span><\/p>\n<\/div><\/div><div class=\"et_pb_text_3 et_pb_text et_pb_bg_layout_light et_pb_module et_flex_module\"><div class=\"et_pb_text_inner\"><p>Zapytaj o wycen\u0119<\/p>\n<\/div><\/div><\/div><\/div><div class=\"et_pb_row_2 et_pb_row et_pb_gutters3 et_block_row\"><div class=\"et_pb_column_3 et_pb_column et_pb_column_1_2 et_block_column et_pb_css_mix_blend_mode_passthrough\"><div class=\"et_pb_heading_3 et_pb_heading et_pb_module et_flex_module\"><div class=\"et_pb_heading_container\"><h1 class=\"et_pb_module_header\">Mediacja &#8211; R\u00f3wie\u015bnicza<\/h1><\/div><\/div><div class=\"et_pb_text_4 et_pb_text et_pb_bg_layout_light et_pb_module et_flex_module\"><div class=\"et_pb_text_inner\"><p class=\"p1\" style=\"text-align: justify;\"><span class=\"s1\">Mediacja r\u00f3wie\u015bnicza \u2013 rozwi\u0105zanie konflikt\u00f3w w\u015br\u00f3d m\u0142odzie\u017cy<\/span><\/p>\n<p class=\"p2\" style=\"text-align: justify;\"><span class=\"s2\"><\/span><\/p>\n<p class=\"p1\" style=\"text-align: justify;\"><span class=\"s2\">Mediacja r\u00f3wie\u015bnicza to skuteczna metoda rozwi\u0105zywania spor\u00f3w mi\u0119dzy uczniami w atmosferze dialogu i wzajemnego szacunku. Podczas mediacji strony maj\u0105 mo\u017cliwo\u015b\u0107 swobodnego wyra\u017cenia swoich uczu\u0107, potrzeb i oczekiwa\u0144, a z pomoc\u0105 mediatora wsp\u00f3lnie wypracowuj\u0105 rozwi\u0105zanie satysfakcjonuj\u0105ce dla obu stron.<\/span><\/p>\n<p class=\"p2\" style=\"text-align: justify;\"><span class=\"s2\"><\/span><\/p>\n<p class=\"p1\" style=\"text-align: justify;\"><span class=\"s2\">Ten proces nie tylko pomaga za\u017cegna\u0107 konflikty, ale tak\u017ce uczy m\u0142odzie\u017c odpowiedzialno\u015bci, empatii oraz umiej\u0119tno\u015bci rozwi\u0105zywania problem\u00f3w w spos\u00f3b konstruktywny. Mediacja r\u00f3wie\u015bnicza sprzyja budowaniu lepszych relacji i poprawia atmosfer\u0119 w \u015brodowisku szkolnym.<\/span><\/p>\n<\/div><\/div><div class=\"et_pb_text_5 et_pb_text et_pb_bg_layout_light et_pb_module et_flex_module\"><div class=\"et_pb_text_inner\"><p>Zapytaj o wycen\u0119<\/p>\n<\/div><\/div><\/div><div class=\"et_pb_column_4 et_pb_column et_pb_column_1_2 et-last-child et_block_column et_pb_css_mix_blend_mode_passthrough\"><div class=\"et_pb_heading_4 et_pb_heading et_pb_module et_flex_module\"><div class=\"et_pb_heading_container\"><h1 class=\"et_pb_module_header\">Mediacja &#8211; Szko\u0142a i O\u015bwiatowa<\/h1><\/div><\/div><div class=\"et_pb_text_6 et_pb_text et_pb_bg_layout_light et_pb_module et_flex_module\"><div class=\"et_pb_text_inner\"><p class=\"p1\" style=\"text-align: justify;\"><span class=\"s1\">Mediacja szkolna i o\u015bwiatowa \u2013 budowanie porozumienia w \u015brodowisku edukacyjnym. <\/span><\/p>\n<p class=\"p1\" style=\"text-align: justify;\"><span class=\"s2\"><\/span><span class=\"s2\">Mediacja szkolna i o\u015bwiatowa to proces wspieraj\u0105cy rozwi\u0105zywanie konflikt\u00f3w w \u015brodowisku szkolnym i edukacyjnym. Dotyczy spor\u00f3w mi\u0119dzy uczniami, nauczycielami, rodzicami oraz administracj\u0105 szko\u0142y, kuratorium czy organem prowadz\u0105cym.<\/span><\/p>\n<p class=\"p2\" style=\"text-align: justify;\"><span class=\"s2\"><\/span><\/p>\n<p class=\"p1\" style=\"text-align: justify;\"><span class=\"s2\">Pomaga w rozwi\u0105zywaniu problem\u00f3w takich jak:<\/span><\/p>\n<p class=\"p3\" style=\"text-align: justify;\"><span class=\"s2\"><span class=\"Apple-tab-span\"> <\/span>\u2022<span class=\"Apple-tab-span\"> <\/span>Konflikty mi\u0119dzy uczniami, nauczycielami lub rodzicami, a tak\u017ce pracownikami niepedagogicznymi<\/span><\/p>\n<p class=\"p3\" style=\"text-align: justify;\"><span class=\"s2\"><span class=\"Apple-tab-span\"> <\/span>\u2022<span class=\"Apple-tab-span\"> <\/span>Niezgody zwi\u0105zane z funkcjonowaniem szko\u0142y lub organizacj\u0105 pracy.<\/span><\/p>\n<p class=\"p3\" style=\"text-align: justify;\"><span class=\"s2\"><span class=\"Apple-tab-span\"> <\/span>\u2022<span class=\"Apple-tab-span\"> <\/span>Trudne sytuacje wychowawcze.<\/span><\/p>\n<p class=\"p2\" style=\"text-align: justify;\"><span class=\"s2\"><\/span><\/p>\n<p class=\"p1\" style=\"text-align: justify;\"><span class=\"s2\">Dzi\u0119ki mediacji strony mog\u0105 znale\u017a\u0107 wsp\u00f3lne rozwi\u0105zanie w atmosferze wzajemnego szacunku i zrozumienia. Proces ten sprzyja budowaniu lepszych relacji, poprawie komunikacji i wsp\u00f3lnemu poszukiwaniu kompromisu.<\/span><\/p>\n<\/div><\/div><div class=\"et_pb_text_7 et_pb_text et_pb_bg_layout_light et_pb_module et_flex_module\"><div class=\"et_pb_text_inner\"><p>Zapytaj o wycen\u0119<\/p>\n<\/div><\/div><\/div><\/div><div class=\"et_pb_row_3 et_pb_row et_pb_gutters3 et_block_row\"><div class=\"et_pb_column_5 et_pb_column et_pb_column_1_2 et_block_column et_pb_css_mix_blend_mode_passthrough\"><div class=\"et_pb_heading_5 et_pb_heading et_pb_module et_flex_module\"><div class=\"et_pb_heading_container\"><h1 class=\"et_pb_module_header\">Konsultacja Mediacyjna &#8211; bezp\u0142atna<\/h1><\/div><\/div><div class=\"et_pb_text_8 et_pb_text et_pb_bg_layout_light et_pb_module et_flex_module\"><div class=\"et_pb_text_inner\"><p class=\"p1\" style=\"text-align: justify;\"><span class=\"s1\">Bezp\u0142atna konsultacja mediacyjna \u2013 pierwszy krok do porozumienia<\/span><\/p>\n<p class=\"p2\" style=\"text-align: justify;\"><span class=\"s2\"><\/span><\/p>\n<p class=\"p1\" style=\"text-align: justify;\"><span class=\"s2\">Oferujemy <\/span><span class=\"s1\">bezp\u0142atn\u0105 konsultacj\u0119 mediacyjn\u0105<\/span><span class=\"s2\">, kt\u00f3ra pozwala zapozna\u0107 si\u0119 z procesem mediacji i oceni\u0107, czy jest to odpowiednia droga do rozwi\u0105zania konfliktu. Podczas konsultacji:<\/span><\/p>\n<p class=\"p3\" style=\"text-align: justify;\"><span class=\"s2\"><span class=\"Apple-tab-span\"> <\/span>\u2022<span class=\"Apple-tab-span\"> <\/span>Wyja\u015bniamy zasady mediacji i jej przebieg.<\/span><\/p>\n<p class=\"p3\" style=\"text-align: justify;\"><span class=\"s2\"><span class=\"Apple-tab-span\"> <\/span>\u2022<span class=\"Apple-tab-span\"> <\/span>Omawiamy potrzeby i oczekiwania stron.<\/span><\/p>\n<p class=\"p3\" style=\"text-align: justify;\"><span class=\"s2\"><span class=\"Apple-tab-span\"> <\/span>\u2022<span class=\"Apple-tab-span\"> <\/span>Ustalamy, czy mediacja jest w\u0142a\u015bciw\u0105 metod\u0105 w danej sytuacji.<\/span><\/p>\n<p class=\"p2\" style=\"text-align: justify;\"><span class=\"s2\"><\/span><\/p>\n<p class=\"p1\" style=\"text-align: justify;\"><span class=\"s2\">Konsultacja jest niezobowi\u0105zuj\u0105ca i poufna. To doskona\u0142a okazja, aby dowiedzie\u0107 si\u0119 wi\u0119cej i zrobi\u0107 pierwszy krok w stron\u0119 polubownego porozumienia. Skorzystaj z mo\u017cliwo\u015bci darmowej konsultacji ju\u017c dzi\u015b! Czas trwania konsultacji to 45 min.<\/span><\/p>\n<\/div><\/div><\/div><div class=\"et_pb_column_6 et_pb_column et_pb_column_1_2 et-last-child et_block_column et_pb_css_mix_blend_mode_passthrough\"><div class=\"et_pb_heading_6 et_pb_heading et_pb_module et_flex_module\"><div class=\"et_pb_heading_container\"><h1 class=\"et_pb_module_header\">Konsultacja Rodzicielska Mediacyjna<\/h1><\/div><\/div><div class=\"et_pb_text_9 et_pb_text et_pb_bg_layout_light et_pb_module et_flex_module\"><div class=\"et_pb_text_inner\"><p class=\"p1\" style=\"text-align: justify;\"><span class=\"s1\">Konsultacja rodzicielska mediacyjna \u2013 wsparcie dla rodzic\u00f3w w konflikcie<\/span><\/p>\n<p class=\"p2\" style=\"text-align: justify;\"><span class=\"s2\"><\/span><\/p>\n<p class=\"p1\" style=\"text-align: justify;\"><span class=\"s2\">Konsultacja rodzicielska mediacyjna to spotkanie, podczas kt\u00f3rego rodzice otrzymuj\u0105 wsparcie w rozwi\u0105zywaniu konflikt\u00f3w zwi\u0105zanych z opiek\u0105 nad dzie\u0107mi, ustaleniem kontakt\u00f3w czy podzia\u0142em obowi\u0105zk\u00f3w rodzicielskich.<\/span><\/p>\n<p class=\"p2\" style=\"text-align: justify;\"><span class=\"s2\"><\/span><\/p>\n<p class=\"p1\" style=\"text-align: justify;\"><span class=\"s2\">Podczas konsultacji:<\/span><\/p>\n<p class=\"p3\" style=\"text-align: justify;\"><span class=\"s2\"><span class=\"Apple-tab-span\"> <\/span>\u2022<span class=\"Apple-tab-span\"> <\/span>Analizujemy potrzeby dziecka i obydwojga rodzic\u00f3w.<\/span><\/p>\n<p class=\"p3\" style=\"text-align: justify;\"><span class=\"s2\"><span class=\"Apple-tab-span\"> <\/span>\u2022<span class=\"Apple-tab-span\"> <\/span>Omawiamy mo\u017cliwe rozwi\u0105zania, kt\u00f3re s\u0142u\u017c\u0105 dobru dziecka.<\/span><\/p>\n<p class=\"p3\" style=\"text-align: justify;\"><span class=\"s2\"><span class=\"Apple-tab-span\"> <\/span>\u2022<span class=\"Apple-tab-span\"> <\/span>Przygotowujemy plan mediacji, je\u015bli rodzice zdecyduj\u0105 si\u0119 kontynuowa\u0107 wsp\u00f3\u0142prac\u0119.<\/span><\/p>\n<p class=\"p2\" style=\"text-align: justify;\"><span class=\"s2\"><\/span><\/p>\n<p class=\"p1\" style=\"text-align: justify;\"><span class=\"s2\">Konsultacja jest poufna, niezobowi\u0105zuj\u0105ca i prowadzona w atmosferze wzajemnego szacunku. To pierwszy krok do budowania porozumienia i wsp\u00f3\u0142pracy w trudnych sytuacjach rodzinnych. Czas trwania do 1,5h.<\/span><\/p>\n<\/div><\/div><div class=\"et_pb_text_10 et_pb_text et_pb_bg_layout_light et_pb_module et_flex_module\"><div class=\"et_pb_text_inner\"><p>Cena: 150 z\u0142<\/p>\n<\/div><\/div><\/div><\/div><div class=\"et_pb_row_4 et_pb_row et_pb_gutters3 et_block_row\"><div class=\"et_pb_column_7 et_pb_column et_pb_column_1_2 et_block_column et_pb_css_mix_blend_mode_passthrough\"><div class=\"et_pb_heading_7 et_pb_heading et_pb_module et_flex_module\"><div class=\"et_pb_heading_container\"><h1 class=\"et_pb_module_header\">Mediacja Stacjonarna<\/h1><\/div><\/div><div class=\"et_pb_text_11 et_pb_text et_pb_bg_layout_light et_pb_module et_flex_module\"><div class=\"et_pb_text_inner\"><p class=\"p1\" style=\"text-align: justify;\"><span class=\"s1\">Mediacja stacjonarna \u2013 bezpo\u015bredni dialog w neutralnej przestrzeni<\/span><\/p>\n<p class=\"p2\" style=\"text-align: justify;\"><span class=\"s2\"><\/span><\/p>\n<p class=\"p1\" style=\"text-align: justify;\"><span class=\"s2\">Mediacja stacjonarna to spotkanie prowadzone w komfortowym, neutralnym miejscu, gdzie strony konfliktu mog\u0105 om\u00f3wi\u0107 swoje potrzeby i wsp\u00f3lnie wypracowa\u0107 rozwi\u0105zanie. Dzi\u0119ki bezpo\u015bredniemu kontaktowi proces mediacji sprzyja lepszej komunikacji, budowaniu zaufania i skutecznemu rozwi\u0105zywaniu spor\u00f3w.<\/span><\/p>\n<p class=\"p1\" style=\"text-align: justify;\"><span class=\"s2\">Profesjonalny mediator zadba o atmosfer\u0119 szacunku i wsparcia, pomagaj\u0105c stronom osi\u0105gn\u0105\u0107 porozumienie. Mediacja stacjonarna to efektywna droga do rozwi\u0105zania konfliktu.<\/span><\/p>\n<\/div><\/div><\/div><div class=\"et_pb_column_8 et_pb_column et_pb_column_1_2 et-last-child et_block_column et_pb_css_mix_blend_mode_passthrough\"><div class=\"et_pb_heading_8 et_pb_heading et_pb_module et_flex_module\"><div class=\"et_pb_heading_container\"><h1 class=\"et_pb_module_header\">Mediacja On-Line<\/h1><\/div><\/div><div class=\"et_pb_text_12 et_pb_text et_pb_bg_layout_light et_pb_module et_flex_module\"><div class=\"et_pb_text_inner\"><p class=\"p1\" style=\"text-align: justify;\"><span class=\"s1\">Mediacja online \u2013 wygodne i dost\u0119pne rozwi\u0105zanie konflikt\u00f3w<\/span><\/p>\n<p class=\"p2\" style=\"text-align: justify;\"><span class=\"s2\"><\/span><\/p>\n<p class=\"p1\" style=\"text-align: justify;\"><span class=\"s2\">Mediacja online to nowoczesna forma rozwi\u0105zywania spor\u00f3w, kt\u00f3ra pozwala na udzia\u0142 w procesie z dowolnego miejsca, za po\u015brednictwem platform internetowych. Dzi\u0119ki temu strony mog\u0105 oszcz\u0119dzi\u0107 czas i unikn\u0105\u0107 trudno\u015bci zwi\u0105zanych z podr\u00f3\u017cowaniem, zachowuj\u0105c jednocze\u015bnie pe\u0142en komfort i poufno\u015b\u0107 rozm\u00f3w.<\/span><\/p>\n<p class=\"p2\" style=\"text-align: justify;\"><span class=\"s2\"><\/span><\/p>\n<p class=\"p1\" style=\"text-align: justify;\"><span class=\"s2\">Mediacja online to elastyczna i skuteczna metoda rozwi\u0105zywania konflikt\u00f3w, kt\u00f3ra umo\u017cliwia szybki kontakt z mediatorem i sprawne osi\u0105gni\u0119cie porozumienia, niezale\u017cnie od odleg\u0142o\u015bci mi\u0119dzy stronami czy oszcz\u0119dno\u015bci czasu.<\/span><\/p>\n<\/div><\/div><\/div><\/div><\/div><div class=\"et_pb_section_1 et_pb_section et_section_regular et_block_section\"><div class=\"et_pb_row_5 et_pb_row et_pb_row_4col et_pb_gutters3 et_block_row\"><div class=\"et_pb_column_9 et_pb_column et_pb_column_1_4 et_block_column et_pb_css_mix_blend_mode_passthrough\"><div class=\"et_pb_text_13 et_pb_text et_pb_bg_layout_light et_pb_module et_flex_module\"><div class=\"et_pb_text_inner\"><p>Ul. W. \u0141okietka 5, \u00a0 \u00a0 \u00a0 \u00a0 \u00a0 \u00a0 \u00a0 87-100 Toru\u0144<\/p>\n<\/div><\/div><\/div><div class=\"et_pb_column_10 et_pb_column et_pb_column_1_4 et_block_column et_pb_css_mix_blend_mode_passthrough\"><div class=\"et_pb_text_14 et_pb_text et_pb_bg_layout_light et_pb_module et_flex_module\"><div class=\"et_pb_text_inner\"><p>+48 696 177 441<\/p>\n<\/div><\/div><\/div><div class=\"et_pb_column_11 et_pb_column et_pb_column_1_4 et_block_column et_pb_css_mix_blend_mode_passthrough\"><div class=\"et_pb_text_15 et_pb_text et_pb_bg_layout_light et_pb_module et_flex_module\"><div class=\"et_pb_text_inner\"><p>biuro@mediatorsadowy.info<\/p>\n<\/div><\/div><\/div><div class=\"et_pb_column_12 et_pb_column et_pb_column_1_4 et-last-child et_block_column et_pb_css_mix_blend_mode_passthrough\"><ul class=\"et_pb_social_media_follow_0 et_pb_social_media_follow clearfix et_pb_bg_layout_light et_pb_text_align_right et_pb_text_align_center-tablet et_pb_text_align_center-phone et_pb_module et_flex_module\"><li class=\"et_pb_social_media_follow_network_0 et_pb_social_media_follow_network et_pb_social_icon et_pb_social_network_link et-social-facebook et_pb_module et_flex_module\"><a href=\"https:\/\/www.facebook.com\/profile.php?id=61558684858295\" class=\"icon\" target=\"_self\" title=\"facebook\" rel=\"noopener\"><span class=\"et_pb_social_media_follow_network_name\">Pod\u0105\u017ca\u0107<\/span><\/a><\/li><li class=\"et_pb_social_media_follow_network_1 et_pb_social_media_follow_network et_pb_social_icon et_pb_social_network_link et-social-instagram et_pb_module et_flex_module\"><a href=\"https:\/\/www.instagram.com\/mediator_sadowy_wj\/\" class=\"icon\" target=\"_self\" title=\"instagram\" rel=\"noopener\"><span class=\"et_pb_social_media_follow_network_name\">Pod\u0105\u017ca\u0107<\/span><\/a><\/li><li class=\"et_pb_social_media_follow_network_2 et_pb_social_media_follow_network et_pb_social_icon et_pb_social_network_link et-social-linkedin et_pb_module et_flex_module\"><a href=\"https:\/\/www.linkedin.com\/in\/mediator-s\u0105dowy-401342339\/\" class=\"icon\" target=\"_self\" title=\"linkedin\" rel=\"noopener\"><span class=\"et_pb_social_media_follow_network_name\">Pod\u0105\u017ca\u0107<\/span><\/a><\/li><li class=\"et_pb_social_media_follow_network_3 et_pb_social_media_follow_network et_pb_social_icon et_pb_social_network_link et-pb-social-fa-icon et-social-tiktok et_pb_module et_flex_module\"><a href=\"https:\/\/www.tiktok.com\/@mediatorsadowy.info?lang=pl-PL\" class=\"icon\" target=\"_self\" title=\"tiktok\" rel=\"noopener\"><span class=\"et_pb_social_media_follow_network_name\">Pod\u0105\u017ca\u0107<\/span><\/a><\/li><\/ul><\/div><\/div><\/div>","protected":false},"excerpt":{"rendered":"","protected":false},"author":1,"featured_media":0,"parent":0,"menu_order":0,"comment_status":"closed","ping_status":"closed","template":"","meta":{"footnotes":""},"class_list":["post-43","page","type-page","status-publish","hentry"],"_links":{"self":[{"href":"https:\/\/mediatorsadowy.info\/index.php\/wp-json\/wp\/v2\/pages\/43","targetHints":{"allow":["GET"]}}],"collection":[{"href":"https:\/\/mediatorsadowy.info\/index.php\/wp-json\/wp\/v2\/pages"}],"about":[{"href":"https:\/\/mediatorsadowy.info\/index.php\/wp-json\/wp\/v2\/types\/page"}],"author":[{"embeddable":true,"href":"https:\/\/mediatorsadowy.info\/index.php\/wp-json\/wp\/v2\/users\/1"}],"replies":[{"embeddable":true,"href":"https:\/\/mediatorsadowy.info\/index.php\/wp-json\/wp\/v2\/comments?post=43"}],"version-history":[{"count":11,"href":"https:\/\/mediatorsadowy.info\/index.php\/wp-json\/wp\/v2\/pages\/43\/revisions"}],"predecessor-version":[{"id":217,"href":"https:\/\/mediatorsadowy.info\/index.php\/wp-json\/wp\/v2\/pages\/43\/revisions\/217"}],"wp:attachment":[{"href":"https:\/\/mediatorsadowy.info\/index.php\/wp-json\/wp\/v2\/media?parent=43"}],"curies":[{"name":"wp","href":"https:\/\/api.w.org\/{rel}","templated":true}]}}