{"id":37,"date":"2024-10-13T12:41:52","date_gmt":"2024-10-13T10:41:52","guid":{"rendered":"https:\/\/mediatorsadowy.info\/?page_id=37"},"modified":"2026-02-01T17:18:56","modified_gmt":"2026-02-01T15:18:56","slug":"kontakt","status":"publish","type":"page","link":"https:\/\/mediatorsadowy.info\/index.php\/kontakt\/","title":{"rendered":"Kontakt"},"content":{"rendered":"<div class=\"et_pb_section_0 et_pb_section et_section_regular et_block_section\"><div class=\"et_pb_row_0 et_pb_row et_pb_gutters3 et_block_row\"><div class=\"et_pb_column_0 et_pb_column et_pb_column_4_4 et-last-child et_block_column et_pb_css_mix_blend_mode_passthrough\"><div class=\"et_pb_heading_0 et_pb_heading et_pb_module et_flex_module\"><div class=\"et_pb_heading_container\"><h1 class=\"et_pb_module_header\">kontakt<\/h1><\/div><\/div><\/div><\/div><div class=\"et_pb_row_1 et_pb_row et_pb_gutters3 et_block_row\"><div class=\"et_pb_column_1 et_pb_column et_pb_column_1_2 et_block_column et_pb_css_mix_blend_mode_passthrough\"><div class=\"et_pb_contact_form_0 et_pb_contact_form_container clearfix et_pb_module et_flex_module\" data-form_unique_num=\"0\" data-form_unique_id=\"92ecb532-e640-41b7-85ca-15a531bdc1ac\" id=\"et_pb_contact_form_0\"><div class=\"et-pb-contact-message\"><\/div><div class=\"et_pb_contact\"><form class=\"et_pb_contact_form et_flex_module\" method=\"post\" action=\"https:\/\/mediatorsadowy.info\/index.php\/wp-json\/wp\/v2\/pages\/37\"><div class=\"et_pb_contact_field_0 et_pb_contact_field et_pb_module et_flex_module et_flex_column_24_24\" data-id=\"imi\u0119\" data-type=\"input\"><label class=\"et_pb_contact_form_label\">Imi\u0119<\/label><input type=\"text\" name=\"et_pb_contact_0_imi\u0119_0\" id=\"et_pb_contact_0_imi\u0119_0\" class=\"input\" data-required_mark=\"required\" data-field_type=\"input\" data-original_id=\"imi\u0119\" placeholder=\"Imi\u0119\" title=\"\" value=\"\" \/><\/div><div class=\"et_pb_contact_field_1 et_pb_contact_field et_pb_module et_flex_module et_flex_column_24_24\" data-id=\"adres_e-mail\" data-type=\"email\"><label class=\"et_pb_contact_form_label\">Adres e-mail<\/label><input type=\"text\" name=\"et_pb_contact_0_adres_e-mail_1\" id=\"et_pb_contact_0_adres_e-mail_1\" class=\"input\" data-required_mark=\"required\" data-field_type=\"email\" data-original_id=\"adres_e-mail\" placeholder=\"Adres e-mail\" title=\"\" value=\"\" \/><\/div><div class=\"et_pb_contact_field_2 et_pb_contact_field et_pb_module et_flex_module et_flex_column_24_24\" data-id=\"wiadomo\u015b\u0107\" data-type=\"text\"><label class=\"et_pb_contact_form_label\">Wiadomo\u015b\u0107<\/label><textarea name=\"et_pb_contact_0_wiadomo\u015b\u0107_2\" id=\"et_pb_contact_0_wiadomo\u015b\u0107_2\" class=\"et_pb_contact_message input\" data-required_mark=\"required\" data-field_type=\"text\" data-original_id=\"wiadomo\u015b\u0107\" placeholder=\"Wiadomo\u015b\u0107\"><\/textarea><\/div><input type=\"hidden\" name=\"et_pb_contactform_submit_0\" value=\"et_contact_proccess\" \/><div class=\"et_contact_bottom_container\"><div class=\"et_pb_contact_right et_pb_contact_field\"><p class=\"clearfix\"><span class=\"et_pb_contact_captcha_question\">8 + 2<\/span> = <input type=\"text\" size=\"2\" class=\"input et_pb_contact_captcha\" data-first_digit=\"8\" data-second_digit=\"2\" data-required_mark=\"required\" name=\"et_pb_contact_captcha_0\" autocomplete=\"off\" \/><\/p><\/div><div class=\"et_pb_button_wrapper\"><button type=\"submit\" name=\"et_builder_submit_button\" class=\"et_pb_button et_pb_contact_submit\">Submit<\/button><\/div><\/div><input type=\"hidden\" id=\"_wpnonce-et-pb-contact-form-submitted-0\" name=\"_wpnonce-et-pb-contact-form-submitted-0\" value=\"69a861f60d\" \/><input type=\"hidden\" name=\"_wp_http_referer\" value=\"\/index.php\/wp-json\/wp\/v2\/pages\/37\" \/><\/form><\/div><\/div><\/div><div class=\"et_pb_column_2 et_pb_column et_pb_column_1_2 et-last-child et_block_column et_pb_css_mix_blend_mode_passthrough\"><div class=\"et_pb_heading_1 et_pb_heading et_pb_module et_flex_module\"><div class=\"et_pb_heading_container\"><h1 class=\"et_pb_module_header\">Mediator S\u0105dowy <\/h1><\/div><\/div><div class=\"et_pb_text_0 et_pb_text et_pb_bg_layout_light et_pb_module et_flex_module\"><div class=\"et_pb_text_inner\"><p>Ul. \u0141okietka 5, 87-100 Toru\u0144<br \/>Nasze biura mamy r\u00f3wnie\u017c:<br \/>Gda\u0144sk, Warszawa, Katowice, Pozna\u0144, Rybnik,\u00a0Wroc\u0142aw, Bielsko-Bia\u0142a, Olsztyn, Lublin<\/p>\n<\/div><\/div><div class=\"et_pb_heading_2 et_pb_heading et_pb_module et_flex_module\"><div class=\"et_pb_heading_container\"><h1 class=\"et_pb_module_header\">Mediacje S\u0105dowe On-Line<\/h1><\/div><\/div><div class=\"et_pb_text_1 et_pb_text et_pb_bg_layout_light et_pb_module et_flex_module\"><div class=\"et_pb_text_inner\"><p>Terminy spotka\u0144 online ustalamy indywidualnie.<\/p>\n<\/div><\/div><div class=\"et_pb_heading_3 et_pb_heading et_pb_module et_flex_module\"><div class=\"et_pb_heading_container\"><h1 class=\"et_pb_module_header\">Kontakt<\/h1><\/div><\/div><div class=\"et_pb_text_2 et_pb_text et_pb_bg_layout_light et_pb_module et_flex_module\"><div class=\"et_pb_text_inner\"><p>+48 696 177 441<br \/>biuro@mediatorsadowy.info<\/p>\n<\/div><\/div><\/div><\/div><\/div><div class=\"et_pb_section_1 et_pb_section et_section_regular et_block_section\"><\/div><div class=\"et_pb_section_2 et_pb_section et_section_regular et_block_section\"><div class=\"et_pb_row_2 et_pb_row et_pb_row_4col et_pb_gutters3 et_block_row\"><div class=\"et_pb_column_3 et_pb_column et_pb_column_1_4 et_block_column et_pb_css_mix_blend_mode_passthrough\"><div class=\"et_pb_text_3 et_pb_text et_pb_bg_layout_light et_pb_module et_flex_module\"><div class=\"et_pb_text_inner\"><p style=\"text-align: center;\">Ul. \u0141okietka 5,<br \/>87-100 Toru\u0144<\/p>\n<\/div><\/div><\/div><div class=\"et_pb_column_4 et_pb_column et_pb_column_1_4 et_block_column et_pb_css_mix_blend_mode_passthrough\"><div class=\"et_pb_text_4 et_pb_text et_pb_bg_layout_light et_pb_module et_flex_module\"><div class=\"et_pb_text_inner\"><p>+48 696 177 441<\/p>\n<\/div><\/div><\/div><div class=\"et_pb_column_5 et_pb_column et_pb_column_1_4 et_block_column et_pb_css_mix_blend_mode_passthrough\"><div class=\"et_pb_text_5 et_pb_text et_pb_bg_layout_light et_pb_module et_flex_module\"><div class=\"et_pb_text_inner\"><p style=\"text-align: center;\">biuro@mediatorsadowy.info<\/p>\n<\/div><\/div><\/div><div class=\"et_pb_column_6 et_pb_column et_pb_column_1_4 et-last-child et_block_column et_pb_css_mix_blend_mode_passthrough\"><ul class=\"et_pb_social_media_follow_0 et_pb_social_media_follow clearfix et_pb_bg_layout_light et_pb_text_align_center et_pb_module et_flex_module\"><li class=\"et_pb_social_media_follow_network_0 et_pb_social_media_follow_network et_pb_social_icon et_pb_social_network_link et-social-facebook et_pb_module et_flex_module\"><a href=\"https:\/\/www.facebook.com\/profile.php?id=61558684858295\" class=\"icon\" target=\"_self\" title=\"facebook\" rel=\"noopener\"><span class=\"et_pb_social_media_follow_network_name\">Pod\u0105\u017ca\u0107<\/span><\/a><\/li><li class=\"et_pb_social_media_follow_network_1 et_pb_social_media_follow_network et_pb_social_icon et_pb_social_network_link et-social-instagram et_pb_module et_flex_module\"><a href=\"https:\/\/www.instagram.com\/mediator_sadowy_wj\/\" class=\"icon\" target=\"_self\" title=\"instagram\" rel=\"noopener\"><span class=\"et_pb_social_media_follow_network_name\">Pod\u0105\u017ca\u0107<\/span><\/a><\/li><li class=\"et_pb_social_media_follow_network_2 et_pb_social_media_follow_network et_pb_social_icon et_pb_social_network_link et-social-linkedin et_pb_module et_flex_module\"><a href=\"https:\/\/www.linkedin.com\/in\/mediator-s\u0105dowy-401342339\/\" class=\"icon\" target=\"_self\" title=\"linkedin\" rel=\"noopener\"><span class=\"et_pb_social_media_follow_network_name\">Pod\u0105\u017ca\u0107<\/span><\/a><\/li><li class=\"et_pb_social_media_follow_network_3 et_pb_social_media_follow_network et_pb_social_icon et_pb_social_network_link et-pb-social-fa-icon et-social-tiktok et_pb_module et_flex_module\"><a href=\"https:\/\/www.tiktok.com\/@mediatorsadowy.info?lang=pl-PL\" class=\"icon\" target=\"_self\" title=\"tiktok\" rel=\"noopener\"><span class=\"et_pb_social_media_follow_network_name\">Pod\u0105\u017ca\u0107<\/span><\/a><\/li><\/ul><\/div><\/div><\/div>","protected":false},"excerpt":{"rendered":"","protected":false},"author":1,"featured_media":0,"parent":0,"menu_order":0,"comment_status":"closed","ping_status":"closed","template":"","meta":{"footnotes":""},"class_list":["post-37","page","type-page","status-publish","hentry"],"_links":{"self":[{"href":"https:\/\/mediatorsadowy.info\/index.php\/wp-json\/wp\/v2\/pages\/37","targetHints":{"allow":["GET"]}}],"collection":[{"href":"https:\/\/mediatorsadowy.info\/index.php\/wp-json\/wp\/v2\/pages"}],"about":[{"href":"https:\/\/mediatorsadowy.info\/index.php\/wp-json\/wp\/v2\/types\/page"}],"author":[{"embeddable":true,"href":"https:\/\/mediatorsadowy.info\/index.php\/wp-json\/wp\/v2\/users\/1"}],"replies":[{"embeddable":true,"href":"https:\/\/mediatorsadowy.info\/index.php\/wp-json\/wp\/v2\/comments?post=37"}],"version-history":[{"count":9,"href":"https:\/\/mediatorsadowy.info\/index.php\/wp-json\/wp\/v2\/pages\/37\/revisions"}],"predecessor-version":[{"id":215,"href":"https:\/\/mediatorsadowy.info\/index.php\/wp-json\/wp\/v2\/pages\/37\/revisions\/215"}],"wp:attachment":[{"href":"https:\/\/mediatorsadowy.info\/index.php\/wp-json\/wp\/v2\/media?parent=37"}],"curies":[{"name":"wp","href":"https:\/\/api.w.org\/{rel}","templated":true}]}}